{"id":63,"date":"2024-07-01T22:28:11","date_gmt":"2024-07-01T22:28:11","guid":{"rendered":"http:\/\/www.alejandrospiegel.com.ar\/ia\/?page_id=63"},"modified":"2024-07-22T20:38:42","modified_gmt":"2024-07-22T20:38:42","slug":"recursos-del-capitulo-5","status":"publish","type":"page","link":"https:\/\/www.alejandrospiegel.com.ar\/ia\/recursos-del-capitulo-5\/","title":{"rendered":"RECURSOS DEL CAP\u00cdTULO 5"},"content":{"rendered":"<div class=\"wp-block-image\">\n<figure class=\"aligncenter size-full\"><img loading=\"lazy\" decoding=\"async\" width=\"512\" height=\"512\" src=\"http:\/\/www.alejandrospiegel.com.ar\/ia\/wp-content\/uploads\/2024\/07\/cropped-icono-2-web.png\" alt=\"\" class=\"wp-image-143\" srcset=\"https:\/\/www.alejandrospiegel.com.ar\/ia\/wp-content\/uploads\/2024\/07\/cropped-icono-2-web.png 512w, https:\/\/www.alejandrospiegel.com.ar\/ia\/wp-content\/uploads\/2024\/07\/cropped-icono-2-web-300x300.png 300w, https:\/\/www.alejandrospiegel.com.ar\/ia\/wp-content\/uploads\/2024\/07\/cropped-icono-2-web-150x150.png 150w, https:\/\/www.alejandrospiegel.com.ar\/ia\/wp-content\/uploads\/2024\/07\/cropped-icono-2-web-140x140.png 140w, https:\/\/www.alejandrospiegel.com.ar\/ia\/wp-content\/uploads\/2024\/07\/cropped-icono-2-web-50x50.png 50w, https:\/\/www.alejandrospiegel.com.ar\/ia\/wp-content\/uploads\/2024\/07\/cropped-icono-2-web-80x80.png 80w, https:\/\/www.alejandrospiegel.com.ar\/ia\/wp-content\/uploads\/2024\/07\/cropped-icono-2-web-270x270.png 270w, https:\/\/www.alejandrospiegel.com.ar\/ia\/wp-content\/uploads\/2024\/07\/cropped-icono-2-web-192x192.png 192w, https:\/\/www.alejandrospiegel.com.ar\/ia\/wp-content\/uploads\/2024\/07\/cropped-icono-2-web-180x180.png 180w, https:\/\/www.alejandrospiegel.com.ar\/ia\/wp-content\/uploads\/2024\/07\/cropped-icono-2-web-32x32.png 32w\" sizes=\"(max-width: 512px) 100vw, 512px\" \/><\/figure><\/div>\n\n\n<p class=\"has-gray-color has-white-background-color has-text-color has-background has-link-color has-normal-font-size wp-elements-94a4e8cf6add022edecf4be7a809e074\"><strong><a href=\"http:\/\/www.alejandrospiegel.com.ar\/ia\/cantando-literatura\/\" data-type=\"page\" data-id=\"74\">LENGUA &#8211; LITERATURA<\/a><\/strong><br><strong><a href=\"http:\/\/www.alejandrospiegel.com.ar\/ia\/cantando-literatura\/\" data-type=\"page\" data-id=\"74\">ARTE \/ M\u00daSICA<\/a><\/strong><br><strong><a href=\"http:\/\/www.alejandrospiegel.com.ar\/ia\/cantando-literatura\/\" data-type=\"page\" data-id=\"74\">Cantando Literatura<\/a><\/strong> <br><br><strong><a href=\"http:\/\/www.alejandrospiegel.com.ar\/ia\/por-amor-al-arte\/\" data-type=\"page\" data-id=\"171\">ARTE \/ PL\u00c1STICA<\/a><\/strong><br><strong><a href=\"http:\/\/www.alejandrospiegel.com.ar\/ia\/por-amor-al-arte\/\" data-type=\"page\" data-id=\"171\">Por amor al Arte<\/a><\/strong><br><br><strong><a href=\"http:\/\/www.alejandrospiegel.com.ar\/ia\/de-la-pantalla-a-nuestros-comics\/\" data-type=\"page\" data-id=\"186\">CIUDADAN\u00cdA &#8211; DERECHOS <\/a><\/strong><br><strong><a href=\"http:\/\/www.alejandrospiegel.com.ar\/ia\/de-la-pantalla-a-nuestros-comics\/\" data-type=\"page\" data-id=\"186\">LENGUA &#8211; ARTE \/ PL\u00c1STICA<\/a><\/strong><br><strong><a href=\"http:\/\/www.alejandrospiegel.com.ar\/ia\/de-la-pantalla-a-nuestros-comics\/\" data-type=\"page\" data-id=\"186\">De la pantalla a nuestros comics<\/a><\/strong> <br><br><strong><a href=\"http:\/\/www.alejandrospiegel.com.ar\/ia\/fisica-desafiada\/\" data-type=\"page\" data-id=\"197\">F\u00cdSICA &#8211; MATEM\u00c1TICA<\/a><\/strong><br><strong><a href=\"http:\/\/www.alejandrospiegel.com.ar\/ia\/fisica-desafiada\/\" data-type=\"page\" data-id=\"197\">F\u00edsica desafiada<\/a><\/strong><br><br><strong><a href=\"http:\/\/www.alejandrospiegel.com.ar\/ia\/si-shakespeare-despertase\/\" data-type=\"page\" data-id=\"222\">INGL\u00c9S &#8211; LENGUA &#8211; LITERATURA<\/a><\/strong><br><strong><a href=\"http:\/\/www.alejandrospiegel.com.ar\/ia\/si-shakespeare-despertase\/\" data-type=\"page\" data-id=\"222\">Si Shakespeare despertase\u2026<\/a> <\/strong><br><br><strong><a href=\"http:\/\/www.alejandrospiegel.com.ar\/ia\/estuve-o-no-estuve-alli\/\" data-type=\"page\" data-id=\"239\">HISTORIA<\/a><\/strong><br><strong>\u00bf<a href=\"http:\/\/www.alejandrospiegel.com.ar\/ia\/estuve-o-no-estuve-alli\/\" data-type=\"page\" data-id=\"239\">Estuve o no estuve all\u00ed?<\/a><\/strong> <br><br><strong><a href=\"http:\/\/www.alejandrospiegel.com.ar\/ia\/tambien-somos-rockstars\/\" data-type=\"page\" data-id=\"248\">ARTE \/ M\u00daSICA<\/a><\/strong><br><strong><a href=\"http:\/\/www.alejandrospiegel.com.ar\/ia\/tambien-somos-rockstars\/\" data-type=\"page\" data-id=\"248\">Tambi\u00e9n somos rockstars<\/a><\/strong> <br><br><strong><a href=\"http:\/\/www.alejandrospiegel.com.ar\/ia\/hagamos-que-lo-diga\/\" data-type=\"page\" data-id=\"270\">HISTORIA &#8211; LITERATURA<\/a><\/strong><br><strong><a href=\"http:\/\/www.alejandrospiegel.com.ar\/ia\/hagamos-que-lo-diga\/\" data-type=\"page\" data-id=\"270\">CIUDADAN\u00cdA<\/a><\/strong><br><strong><a href=\"http:\/\/www.alejandrospiegel.com.ar\/ia\/hagamos-que-lo-diga\/\" data-type=\"page\" data-id=\"270\">Hagamos que lo diga<\/a> <\/strong><br><\/p>\n","protected":false},"excerpt":{"rendered":"<p>LENGUA &#8211; LITERATURAARTE \/ M\u00daSICACantando Literatura ARTE \/ PL\u00c1STICAPor amor al Arte CIUDADAN\u00cdA &#8211; DERECHOS LENGUA &#8211; ARTE \/ PL\u00c1STICADe la pantalla a nuestros comics F\u00cdSICA &#8211; MATEM\u00c1TICAF\u00edsica desafiada INGL\u00c9S<\/p>\n<p class=\"more-link\"><a href=\"https:\/\/www.alejandrospiegel.com.ar\/ia\/recursos-del-capitulo-5\/\" class=\"readmore\">Seguir leyendo<svg class=\"icon icon-arrow-right\" aria-hidden=\"true\" role=\"img\"> <use href=\"#icon-arrow-right\" xlink:href=\"#icon-arrow-right\"><\/use> <\/svg><span class=\"screen-reader-text\">RECURSOS DEL CAP\u00cdTULO 5<\/span><\/a><\/p>\n","protected":false},"author":1,"featured_media":0,"parent":0,"menu_order":0,"comment_status":"closed","ping_status":"closed","template":"","meta":{"footnotes":""},"_links":{"self":[{"href":"https:\/\/www.alejandrospiegel.com.ar\/ia\/wp-json\/wp\/v2\/pages\/63"}],"collection":[{"href":"https:\/\/www.alejandrospiegel.com.ar\/ia\/wp-json\/wp\/v2\/pages"}],"about":[{"href":"https:\/\/www.alejandrospiegel.com.ar\/ia\/wp-json\/wp\/v2\/types\/page"}],"author":[{"embeddable":true,"href":"https:\/\/www.alejandrospiegel.com.ar\/ia\/wp-json\/wp\/v2\/users\/1"}],"replies":[{"embeddable":true,"href":"https:\/\/www.alejandrospiegel.com.ar\/ia\/wp-json\/wp\/v2\/comments?post=63"}],"version-history":[{"count":21,"href":"https:\/\/www.alejandrospiegel.com.ar\/ia\/wp-json\/wp\/v2\/pages\/63\/revisions"}],"predecessor-version":[{"id":447,"href":"https:\/\/www.alejandrospiegel.com.ar\/ia\/wp-json\/wp\/v2\/pages\/63\/revisions\/447"}],"wp:attachment":[{"href":"https:\/\/www.alejandrospiegel.com.ar\/ia\/wp-json\/wp\/v2\/media?parent=63"}],"curies":[{"name":"wp","href":"https:\/\/api.w.org\/{rel}","templated":true}]}}