{"id":29,"date":"2024-07-01T21:37:33","date_gmt":"2024-07-01T21:37:33","guid":{"rendered":"http:\/\/www.alejandrospiegel.com.ar\/ia\/?page_id=29"},"modified":"2024-07-20T22:10:09","modified_gmt":"2024-07-20T22:10:09","slug":"recursos","status":"publish","type":"page","link":"https:\/\/www.alejandrospiegel.com.ar\/ia\/recursos\/","title":{"rendered":"VERSIONES DIGITALES DE LOS RECURSOS"},"content":{"rendered":"\n<p class=\"has-white-color has-text-color has-link-color wp-elements-3e2a0a71c785fc1ece7c6f7b3b977ed5\"><strong> <\/strong><\/p>\n\n\n\n<div class=\"wp-block-group is-nowrap is-layout-flex wp-container-core-group-is-layout-1 wp-block-group-is-layout-flex\">\n<p class=\"has-gray-color has-text-color has-link-color wp-elements-2305cb228055c25937e612908005b6ea\"><\/p>\n<\/div>\n\n\n<div class=\"wp-block-image\">\n<figure class=\"aligncenter size-full\"><img loading=\"lazy\" decoding=\"async\" width=\"512\" height=\"512\" src=\"http:\/\/www.alejandrospiegel.com.ar\/ia\/wp-content\/uploads\/2024\/07\/cropped-icono-2-web.png\" alt=\"\" class=\"wp-image-143\" srcset=\"https:\/\/www.alejandrospiegel.com.ar\/ia\/wp-content\/uploads\/2024\/07\/cropped-icono-2-web.png 512w, https:\/\/www.alejandrospiegel.com.ar\/ia\/wp-content\/uploads\/2024\/07\/cropped-icono-2-web-300x300.png 300w, https:\/\/www.alejandrospiegel.com.ar\/ia\/wp-content\/uploads\/2024\/07\/cropped-icono-2-web-150x150.png 150w, https:\/\/www.alejandrospiegel.com.ar\/ia\/wp-content\/uploads\/2024\/07\/cropped-icono-2-web-140x140.png 140w, https:\/\/www.alejandrospiegel.com.ar\/ia\/wp-content\/uploads\/2024\/07\/cropped-icono-2-web-50x50.png 50w, https:\/\/www.alejandrospiegel.com.ar\/ia\/wp-content\/uploads\/2024\/07\/cropped-icono-2-web-80x80.png 80w, https:\/\/www.alejandrospiegel.com.ar\/ia\/wp-content\/uploads\/2024\/07\/cropped-icono-2-web-270x270.png 270w, https:\/\/www.alejandrospiegel.com.ar\/ia\/wp-content\/uploads\/2024\/07\/cropped-icono-2-web-192x192.png 192w, https:\/\/www.alejandrospiegel.com.ar\/ia\/wp-content\/uploads\/2024\/07\/cropped-icono-2-web-180x180.png 180w, https:\/\/www.alejandrospiegel.com.ar\/ia\/wp-content\/uploads\/2024\/07\/cropped-icono-2-web-32x32.png 32w\" sizes=\"(max-width: 512px) 100vw, 512px\" \/><\/figure><\/div>\n\n\n<p class=\"has-black-color has-white-background-color has-text-color has-background has-link-color has-normal-font-size wp-elements-049e72bef5e4074b6008c415e2617f37\"><strong><a href=\"http:\/\/www.alejandrospiegel.com.ar\/ia\/recursos-del-capitulo-4\/\">RECURSOS DIGITALES DEL CAP\u00cdTULO 4<\/a><br><br>&#8211; El desaf\u00edo de abrir nuevas oportunidades de ense\u00f1ar y aprender. \u00bfQu\u00e9 podemos ense\u00f1ar a los j\u00f3venes que no sepan? \u00bfC\u00f3mo abordar estos contenidos en el aula?\u00a0<br><br>&#8211; Laberintos<\/strong><br><br><strong>&#8211; Producciones literarias y audiovisuales<\/strong><\/p>\n\n\n\n<p><\/p>\n\n\n\n<p><\/p>\n\n\n\n<p><\/p>\n\n\n\n<div class=\"wp-block-group is-nowrap is-layout-flex wp-container-core-group-is-layout-2 wp-block-group-is-layout-flex\">\n<p class=\"has-gray-color has-text-color has-link-color wp-elements-2305cb228055c25937e612908005b6ea\"><\/p>\n<\/div>\n\n\n\n<p class=\"has-yellow-color has-text-color has-link-color wp-elements-04b2520b6e33da14889bf1e55281b12b\"><\/p>\n\n\n\n<div class=\"wp-block-group is-nowrap is-layout-flex wp-container-core-group-is-layout-3 wp-block-group-is-layout-flex\">\n<p class=\"has-gray-color has-text-color has-link-color wp-elements-2305cb228055c25937e612908005b6ea\"><\/p>\n<\/div>\n\n\n\n<p class=\"has-black-color has-white-background-color has-text-color has-background has-link-color has-normal-font-size wp-elements-2782c24079faabb72204bedaee1d2bd2\"><strong><a href=\"http:\/\/www.alejandrospiegel.com.ar\/ia\/recursos-del-capitulo-5\/\">RECURSOS DIGITALES DEL CAP\u00cdTULO 5<\/a><\/strong><br><br><em><strong>Recursos e ideas para aprovechar significativamente la IA en el aula.<\/strong><\/em><\/p>\n\n\n\n<div class=\"wp-block-group is-nowrap is-layout-flex wp-container-core-group-is-layout-4 wp-block-group-is-layout-flex\"><\/div>\n\n\n\n<p class=\"has-gray-color has-text-color has-link-color wp-elements-2305cb228055c25937e612908005b6ea\"><\/p>\n\n\n\n<p><\/p>\n\n\n\n<p><\/p>\n\n\n\n<p class=\"has-black-color has-white-background-color has-text-color has-background has-link-color has-normal-font-size wp-elements-ad9f89a1846e72af17a5fbb45b0a9a84\"><strong><a href=\"http:\/\/www.alejandrospiegel.com.ar\/ia\/tutoriales\/\">TUTORIALES<\/a><\/strong><\/p>\n\n\n\n<p><\/p>\n","protected":false},"excerpt":{"rendered":"<p>RECURSOS DIGITALES DEL CAP\u00cdTULO 4 &#8211; El desaf\u00edo de abrir nuevas oportunidades de ense\u00f1ar y aprender. \u00bfQu\u00e9 podemos ense\u00f1ar a los j\u00f3venes que no sepan? \u00bfC\u00f3mo abordar estos contenidos en<\/p>\n<p class=\"more-link\"><a href=\"https:\/\/www.alejandrospiegel.com.ar\/ia\/recursos\/\" class=\"readmore\">Seguir leyendo<svg class=\"icon icon-arrow-right\" aria-hidden=\"true\" role=\"img\"> <use href=\"#icon-arrow-right\" xlink:href=\"#icon-arrow-right\"><\/use> <\/svg><span class=\"screen-reader-text\">VERSIONES DIGITALES DE LOS RECURSOS<\/span><\/a><\/p>\n","protected":false},"author":1,"featured_media":0,"parent":0,"menu_order":0,"comment_status":"closed","ping_status":"closed","template":"","meta":{"footnotes":""},"_links":{"self":[{"href":"https:\/\/www.alejandrospiegel.com.ar\/ia\/wp-json\/wp\/v2\/pages\/29"}],"collection":[{"href":"https:\/\/www.alejandrospiegel.com.ar\/ia\/wp-json\/wp\/v2\/pages"}],"about":[{"href":"https:\/\/www.alejandrospiegel.com.ar\/ia\/wp-json\/wp\/v2\/types\/page"}],"author":[{"embeddable":true,"href":"https:\/\/www.alejandrospiegel.com.ar\/ia\/wp-json\/wp\/v2\/users\/1"}],"replies":[{"embeddable":true,"href":"https:\/\/www.alejandrospiegel.com.ar\/ia\/wp-json\/wp\/v2\/comments?post=29"}],"version-history":[{"count":39,"href":"https:\/\/www.alejandrospiegel.com.ar\/ia\/wp-json\/wp\/v2\/pages\/29\/revisions"}],"predecessor-version":[{"id":446,"href":"https:\/\/www.alejandrospiegel.com.ar\/ia\/wp-json\/wp\/v2\/pages\/29\/revisions\/446"}],"wp:attachment":[{"href":"https:\/\/www.alejandrospiegel.com.ar\/ia\/wp-json\/wp\/v2\/media?parent=29"}],"curies":[{"name":"wp","href":"https:\/\/api.w.org\/{rel}","templated":true}]}}