{"id":248,"date":"2024-07-05T18:47:36","date_gmt":"2024-07-05T18:47:36","guid":{"rendered":"http:\/\/www.alejandrospiegel.com.ar\/ia\/?page_id=248"},"modified":"2024-07-22T20:48:07","modified_gmt":"2024-07-22T20:48:07","slug":"tambien-somos-rockstars","status":"publish","type":"page","link":"https:\/\/www.alejandrospiegel.com.ar\/ia\/tambien-somos-rockstars\/","title":{"rendered":"TAMBI\u00c9N SOMOS ROCKSTARS"},"content":{"rendered":"\n<p class=\"has-text-align-center has-white-color has-text-color has-link-color wp-elements-a29a16761b070e2e7aed3ab6d70ffd42\"><strong>(Arte \/ M\u00fasica)<\/strong><\/p>\n\n\n<div class=\"wp-block-image\">\n<figure class=\"aligncenter size-full\"><img loading=\"lazy\" decoding=\"async\" width=\"512\" height=\"512\" src=\"http:\/\/www.alejandrospiegel.com.ar\/ia\/wp-content\/uploads\/2024\/07\/cropped-icono-2-web.png\" alt=\"\" class=\"wp-image-143\" srcset=\"https:\/\/www.alejandrospiegel.com.ar\/ia\/wp-content\/uploads\/2024\/07\/cropped-icono-2-web.png 512w, https:\/\/www.alejandrospiegel.com.ar\/ia\/wp-content\/uploads\/2024\/07\/cropped-icono-2-web-300x300.png 300w, https:\/\/www.alejandrospiegel.com.ar\/ia\/wp-content\/uploads\/2024\/07\/cropped-icono-2-web-150x150.png 150w, https:\/\/www.alejandrospiegel.com.ar\/ia\/wp-content\/uploads\/2024\/07\/cropped-icono-2-web-140x140.png 140w, https:\/\/www.alejandrospiegel.com.ar\/ia\/wp-content\/uploads\/2024\/07\/cropped-icono-2-web-50x50.png 50w, https:\/\/www.alejandrospiegel.com.ar\/ia\/wp-content\/uploads\/2024\/07\/cropped-icono-2-web-80x80.png 80w, https:\/\/www.alejandrospiegel.com.ar\/ia\/wp-content\/uploads\/2024\/07\/cropped-icono-2-web-270x270.png 270w, https:\/\/www.alejandrospiegel.com.ar\/ia\/wp-content\/uploads\/2024\/07\/cropped-icono-2-web-192x192.png 192w, https:\/\/www.alejandrospiegel.com.ar\/ia\/wp-content\/uploads\/2024\/07\/cropped-icono-2-web-180x180.png 180w, https:\/\/www.alejandrospiegel.com.ar\/ia\/wp-content\/uploads\/2024\/07\/cropped-icono-2-web-32x32.png 32w\" sizes=\"(max-width: 512px) 100vw, 512px\" \/><\/figure><\/div>\n\n\n<p class=\"has-black-color has-white-background-color has-text-color has-background has-link-color wp-elements-13a3051469907edd20273b2675f365bb\"><strong>VOCALREMOVER<br><br><em><a href=\"https:\/\/vocalremover.org\/es\/\" target=\"_blank\" rel=\"noreferrer noopener\">https:\/\/vocalremover.org\/es\/<\/a><\/em><br><br><em>Es una herramienta digital de edici\u00f3n de sonido. En esta ocasi\u00f3n, la utilizaremos para eliminar la voz l\u00edder de una obra musical grabada, as\u00ed como el cambio de tonalidad de la misma.<\/em><\/strong><\/p>\n\n\n\n<figure class=\"wp-block-image size-full is-resized\"><img loading=\"lazy\" decoding=\"async\" width=\"711\" height=\"390\" src=\"http:\/\/www.alejandrospiegel.com.ar\/ia\/wp-content\/uploads\/2024\/07\/VOICEREMOVAL.jpg\" alt=\"\" class=\"wp-image-254\" style=\"width:999px\" srcset=\"https:\/\/www.alejandrospiegel.com.ar\/ia\/wp-content\/uploads\/2024\/07\/VOICEREMOVAL.jpg 711w, https:\/\/www.alejandrospiegel.com.ar\/ia\/wp-content\/uploads\/2024\/07\/VOICEREMOVAL-300x165.jpg 300w\" sizes=\"(max-width: 711px) 100vw, 711px\" \/><\/figure>\n\n\n\n<p><\/p>\n\n\n\n<p class=\"has-gray-color has-text-color has-link-color wp-elements-d59054a0385058e7e38efffe8c69685d\"><strong>RESULTADO FINAL<\/strong><\/p>\n\n\n\n<p class=\"has-gray-color has-text-color has-link-color wp-elements-8b42d81b3c24cbb38214c085607ca5bb\"><strong>CANCI\u00d3N COMPLETA<\/strong><\/p>\n\n\n\n<figure class=\"wp-block-audio\"><audio controls src=\"http:\/\/www.alejandrospiegel.com.ar\/ia\/wp-content\/uploads\/2024\/07\/Y2meta.app-Elvis-Presley-Jailhouse-Rock-Music-Video-128-kbps.mp3\"><\/audio><\/figure>\n\n\n\n<p class=\"has-gray-color has-text-color has-link-color wp-elements-18149f7c1dd3ece88cd44b3868fd22d3\"><strong>CANCI\u00d3N SIN LA VOZ<\/strong><\/p>\n\n\n\n<figure class=\"wp-block-audio\"><audio controls src=\"http:\/\/www.alejandrospiegel.com.ar\/ia\/wp-content\/uploads\/2024\/07\/MUSICA.mp3\"><\/audio><\/figure>\n\n\n\n<p class=\"has-gray-color has-text-color has-link-color wp-elements-005e3e91445e77bac339f780b9298900\"><strong>S\u00d3LO LA VOZ DE LA CANCI\u00d3N<\/strong><\/p>\n\n\n\n<figure class=\"wp-block-audio\"><audio controls src=\"http:\/\/www.alejandrospiegel.com.ar\/ia\/wp-content\/uploads\/2024\/07\/VOZ.mp3\"><\/audio><\/figure>\n\n\n\n<div class=\"wp-block-buttons is-layout-flex wp-block-buttons-is-layout-flex\">\n<div class=\"wp-block-button\"><a class=\"wp-block-button__link wp-element-button\" href=\"https:\/\/www.alejandrospiegel.com.ar\/ia\/tutoriales\/\">TUTORIALES<\/a><\/div>\n<\/div>\n","protected":false},"excerpt":{"rendered":"<p>(Arte \/ M\u00fasica) VOCALREMOVER https:\/\/vocalremover.org\/es\/ Es una herramienta digital de edici\u00f3n de sonido. En esta ocasi\u00f3n, la utilizaremos para eliminar la voz l\u00edder de una obra musical grabada, as\u00ed como<\/p>\n<p class=\"more-link\"><a href=\"https:\/\/www.alejandrospiegel.com.ar\/ia\/tambien-somos-rockstars\/\" class=\"readmore\">Seguir leyendo<svg class=\"icon icon-arrow-right\" aria-hidden=\"true\" role=\"img\"> <use href=\"#icon-arrow-right\" xlink:href=\"#icon-arrow-right\"><\/use> <\/svg><span class=\"screen-reader-text\">TAMBI\u00c9N SOMOS ROCKSTARS<\/span><\/a><\/p>\n","protected":false},"author":1,"featured_media":0,"parent":0,"menu_order":0,"comment_status":"closed","ping_status":"closed","template":"","meta":{"footnotes":""},"_links":{"self":[{"href":"https:\/\/www.alejandrospiegel.com.ar\/ia\/wp-json\/wp\/v2\/pages\/248"}],"collection":[{"href":"https:\/\/www.alejandrospiegel.com.ar\/ia\/wp-json\/wp\/v2\/pages"}],"about":[{"href":"https:\/\/www.alejandrospiegel.com.ar\/ia\/wp-json\/wp\/v2\/types\/page"}],"author":[{"embeddable":true,"href":"https:\/\/www.alejandrospiegel.com.ar\/ia\/wp-json\/wp\/v2\/users\/1"}],"replies":[{"embeddable":true,"href":"https:\/\/www.alejandrospiegel.com.ar\/ia\/wp-json\/wp\/v2\/comments?post=248"}],"version-history":[{"count":6,"href":"https:\/\/www.alejandrospiegel.com.ar\/ia\/wp-json\/wp\/v2\/pages\/248\/revisions"}],"predecessor-version":[{"id":455,"href":"https:\/\/www.alejandrospiegel.com.ar\/ia\/wp-json\/wp\/v2\/pages\/248\/revisions\/455"}],"wp:attachment":[{"href":"https:\/\/www.alejandrospiegel.com.ar\/ia\/wp-json\/wp\/v2\/media?parent=248"}],"curies":[{"name":"wp","href":"https:\/\/api.w.org\/{rel}","templated":true}]}}