{"id":239,"date":"2024-07-05T18:17:24","date_gmt":"2024-07-05T18:17:24","guid":{"rendered":"http:\/\/www.alejandrospiegel.com.ar\/ia\/?page_id=239"},"modified":"2024-07-22T20:47:18","modified_gmt":"2024-07-22T20:47:18","slug":"estuve-o-no-estuve-alli","status":"publish","type":"page","link":"https:\/\/www.alejandrospiegel.com.ar\/ia\/estuve-o-no-estuve-alli\/","title":{"rendered":"\u00bfESTUVE O NO ESTUVE ALL\u00cd?"},"content":{"rendered":"\n<p class=\"has-text-align-center has-white-color has-text-color has-link-color wp-elements-e3e8aa2a73adba95f21893f5c5590c45\"><strong>(Historia)<\/strong><\/p>\n\n\n<div class=\"wp-block-image\">\n<figure class=\"aligncenter size-full\"><img loading=\"lazy\" decoding=\"async\" width=\"512\" height=\"512\" src=\"http:\/\/www.alejandrospiegel.com.ar\/ia\/wp-content\/uploads\/2024\/07\/cropped-icono-2-web.png\" alt=\"\" class=\"wp-image-143\" srcset=\"https:\/\/www.alejandrospiegel.com.ar\/ia\/wp-content\/uploads\/2024\/07\/cropped-icono-2-web.png 512w, https:\/\/www.alejandrospiegel.com.ar\/ia\/wp-content\/uploads\/2024\/07\/cropped-icono-2-web-300x300.png 300w, https:\/\/www.alejandrospiegel.com.ar\/ia\/wp-content\/uploads\/2024\/07\/cropped-icono-2-web-150x150.png 150w, https:\/\/www.alejandrospiegel.com.ar\/ia\/wp-content\/uploads\/2024\/07\/cropped-icono-2-web-140x140.png 140w, https:\/\/www.alejandrospiegel.com.ar\/ia\/wp-content\/uploads\/2024\/07\/cropped-icono-2-web-50x50.png 50w, https:\/\/www.alejandrospiegel.com.ar\/ia\/wp-content\/uploads\/2024\/07\/cropped-icono-2-web-80x80.png 80w, https:\/\/www.alejandrospiegel.com.ar\/ia\/wp-content\/uploads\/2024\/07\/cropped-icono-2-web-270x270.png 270w, https:\/\/www.alejandrospiegel.com.ar\/ia\/wp-content\/uploads\/2024\/07\/cropped-icono-2-web-192x192.png 192w, https:\/\/www.alejandrospiegel.com.ar\/ia\/wp-content\/uploads\/2024\/07\/cropped-icono-2-web-180x180.png 180w, https:\/\/www.alejandrospiegel.com.ar\/ia\/wp-content\/uploads\/2024\/07\/cropped-icono-2-web-32x32.png 32w\" sizes=\"(max-width: 512px) 100vw, 512px\" \/><\/figure><\/div>\n\n\n<p class=\"has-black-color has-white-background-color has-text-color has-background has-link-color wp-elements-2a740db4a0b4b54e2b766e9d08c1e83c\"><strong>MYHERITAGE.<br><a href=\"https:\/\/www.myheritage.es\" target=\"_blank\" rel=\"noreferrer noopener\">https:\/\/www.myheritage.es<\/a><br><em>Permite la animaci\u00f3n de im\u00e1genes est\u00e1ticas.<\/em><\/strong><\/p>\n\n\n\n<p><\/p>\n\n\n\n<figure class=\"wp-block-image size-full\"><img loading=\"lazy\" decoding=\"async\" width=\"826\" height=\"484\" src=\"http:\/\/www.alejandrospiegel.com.ar\/ia\/wp-content\/uploads\/2024\/07\/MYHERITAGE.png\" alt=\"\" class=\"wp-image-242\" srcset=\"https:\/\/www.alejandrospiegel.com.ar\/ia\/wp-content\/uploads\/2024\/07\/MYHERITAGE.png 826w, https:\/\/www.alejandrospiegel.com.ar\/ia\/wp-content\/uploads\/2024\/07\/MYHERITAGE-300x176.png 300w, https:\/\/www.alejandrospiegel.com.ar\/ia\/wp-content\/uploads\/2024\/07\/MYHERITAGE-768x450.png 768w\" sizes=\"(max-width: 826px) 100vw, 826px\" \/><\/figure>\n\n\n\n<p><\/p>\n\n\n\n<p class=\"has-gray-color has-text-color has-link-color wp-elements-d59054a0385058e7e38efffe8c69685d\"><strong>RESULTADO FINAL<\/strong><\/p>\n\n\n\n<figure class=\"wp-block-video\"><video controls src=\"http:\/\/www.alejandrospiegel.com.ar\/ia\/wp-content\/uploads\/2024\/07\/PSHANI.mp4\"><\/video><\/figure>\n\n\n\n<p><\/p>\n\n\n\n<div class=\"wp-block-buttons is-layout-flex wp-block-buttons-is-layout-flex\">\n<div class=\"wp-block-button\"><a class=\"wp-block-button__link wp-element-button\" href=\"https:\/\/www.alejandrospiegel.com.ar\/ia\/tutoriales\/\">TUTORIALES<\/a><\/div>\n<\/div>\n\n\n\n<p class=\"has-gray-color has-text-color has-link-color wp-elements-d1e2bff53d2310bac87833fd97d0d2ab\"><strong>OTRAS APLICACIONES PARA REALIZAR ESTAS TAREAS<\/strong><\/p>\n\n\n\n<p class=\"has-black-color has-white-background-color has-text-color has-background has-link-color wp-elements-c21e9eba3d1e24f70566b46140d86f1d\"><strong>LEIAPIX<br><a href=\"https:\/\/leiapix.com\" target=\"_blank\" rel=\"noreferrer noopener\">https:\/\/leiapix.com<\/a><\/strong><\/p>\n\n\n\n<p class=\"has-black-color has-white-background-color has-text-color has-background has-link-color wp-elements-5abd10fb943f3b42d98e7ef5c5de6bcb\"><strong>WOMBO<br><a href=\"https:\/\/www.wombo.ai\" target=\"_blank\" rel=\"noreferrer noopener\">https:\/\/www.wombo.ai<\/a><\/strong><\/p>\n","protected":false},"excerpt":{"rendered":"<p>(Historia) MYHERITAGE.https:\/\/www.myheritage.esPermite la animaci\u00f3n de im\u00e1genes est\u00e1ticas. RESULTADO FINAL OTRAS APLICACIONES PARA REALIZAR ESTAS TAREAS LEIAPIXhttps:\/\/leiapix.com WOMBOhttps:\/\/www.wombo.ai<\/p>\n","protected":false},"author":1,"featured_media":0,"parent":0,"menu_order":0,"comment_status":"closed","ping_status":"closed","template":"","meta":{"footnotes":""},"_links":{"self":[{"href":"https:\/\/www.alejandrospiegel.com.ar\/ia\/wp-json\/wp\/v2\/pages\/239"}],"collection":[{"href":"https:\/\/www.alejandrospiegel.com.ar\/ia\/wp-json\/wp\/v2\/pages"}],"about":[{"href":"https:\/\/www.alejandrospiegel.com.ar\/ia\/wp-json\/wp\/v2\/types\/page"}],"author":[{"embeddable":true,"href":"https:\/\/www.alejandrospiegel.com.ar\/ia\/wp-json\/wp\/v2\/users\/1"}],"replies":[{"embeddable":true,"href":"https:\/\/www.alejandrospiegel.com.ar\/ia\/wp-json\/wp\/v2\/comments?post=239"}],"version-history":[{"count":7,"href":"https:\/\/www.alejandrospiegel.com.ar\/ia\/wp-json\/wp\/v2\/pages\/239\/revisions"}],"predecessor-version":[{"id":454,"href":"https:\/\/www.alejandrospiegel.com.ar\/ia\/wp-json\/wp\/v2\/pages\/239\/revisions\/454"}],"wp:attachment":[{"href":"https:\/\/www.alejandrospiegel.com.ar\/ia\/wp-json\/wp\/v2\/media?parent=239"}],"curies":[{"name":"wp","href":"https:\/\/api.w.org\/{rel}","templated":true}]}}