{"id":2,"date":"2024-07-01T08:40:48","date_gmt":"2024-07-01T08:40:48","guid":{"rendered":"http:\/\/www.alejandrospiegel.com.ar\/ia\/?page_id=2"},"modified":"2024-07-20T21:52:32","modified_gmt":"2024-07-20T21:52:32","slug":"sample-page","status":"publish","type":"page","link":"https:\/\/www.alejandrospiegel.com.ar\/ia\/sample-page\/","title":{"rendered":"ACERCA DEL LIBRO"},"content":{"rendered":"<div class=\"wp-block-image\">\n<figure class=\"aligncenter size-full\"><img loading=\"lazy\" decoding=\"async\" width=\"512\" height=\"512\" src=\"http:\/\/www.alejandrospiegel.com.ar\/ia\/wp-content\/uploads\/2024\/07\/cropped-icono-2-web.png\" alt=\"\" class=\"wp-image-143\" srcset=\"https:\/\/www.alejandrospiegel.com.ar\/ia\/wp-content\/uploads\/2024\/07\/cropped-icono-2-web.png 512w, https:\/\/www.alejandrospiegel.com.ar\/ia\/wp-content\/uploads\/2024\/07\/cropped-icono-2-web-300x300.png 300w, https:\/\/www.alejandrospiegel.com.ar\/ia\/wp-content\/uploads\/2024\/07\/cropped-icono-2-web-150x150.png 150w, https:\/\/www.alejandrospiegel.com.ar\/ia\/wp-content\/uploads\/2024\/07\/cropped-icono-2-web-140x140.png 140w, https:\/\/www.alejandrospiegel.com.ar\/ia\/wp-content\/uploads\/2024\/07\/cropped-icono-2-web-50x50.png 50w, https:\/\/www.alejandrospiegel.com.ar\/ia\/wp-content\/uploads\/2024\/07\/cropped-icono-2-web-80x80.png 80w, https:\/\/www.alejandrospiegel.com.ar\/ia\/wp-content\/uploads\/2024\/07\/cropped-icono-2-web-270x270.png 270w, https:\/\/www.alejandrospiegel.com.ar\/ia\/wp-content\/uploads\/2024\/07\/cropped-icono-2-web-192x192.png 192w, https:\/\/www.alejandrospiegel.com.ar\/ia\/wp-content\/uploads\/2024\/07\/cropped-icono-2-web-180x180.png 180w, https:\/\/www.alejandrospiegel.com.ar\/ia\/wp-content\/uploads\/2024\/07\/cropped-icono-2-web-32x32.png 32w\" sizes=\"(max-width: 512px) 100vw, 512px\" \/><\/figure><\/div>\n\n\n<p class=\"has-text-align-left has-black-color has-white-background-color has-text-color has-background has-link-color has-normal-font-size wp-elements-faef91bbd8d27277696e76215151d6d3\">Construimos este espacio virtual en el que encontrar\u00e1s versiones digitales de los recursos, enlaces a programas de IA y a videos tutoriales que aparecen en el libro, especialmente en los \u00faltimos dos cap\u00edtulos.<br><br>All\u00ed formulamos una pregunta pesada y relevante: \u00bfQu\u00e9 podemos ense\u00f1arles a nuestros estudiantes que no sepan de la IA? Las respuestas est\u00e1n organizadas en laberintos o desaf\u00edos, cuestiones que te proponemos visibilizar, y que tus estudiantes participen en su resoluci\u00f3n, en la b\u00fasqueda de salidas. <br><br>Para plantear cada laberinto, encontrar\u00e1s recursos que podr\u00e1s elegir. All\u00ed aparecen im\u00e1genes y ficciones que te brindar\u00e1n analog\u00edas y met\u00e1foras para abordar cada tema.<br><br>Podr\u00e1s usar estos recursos relacionados con la IA en el modo en que est\u00e1n propuestos o como decidas que es m\u00e1s adecuado para tu clase, para tus estudiantes.<br><br>Hablando de laberintos, tambi\u00e9n tendr\u00e1s el tuyo, el que desde hace a\u00f1os tenemos con las tecnolog\u00edas digitales y que ahora se resignifica con la IA: \u00bfC\u00f3mo aprovecharla significativamente para abrir mejores oportunidades de aprendizaje para los contenidos espec\u00edficos de tu materia? En otros t\u00e9rminos, incluirla cuando reconozcas que verdaderamente aporta.<br><br>Si la incorporas con este criterio y adem\u00e1s lo compartes con tus estudiantes, tambi\u00e9n les ense\u00f1ar\u00e1s un ejemplo de c\u00f3mo y cu\u00e1ndo incorporar la IA en la resoluci\u00f3n de sus propios laberintos.<br><br>Para facilitarlo, el cap\u00edtulo 5, escrito entre los dos, incluye ideas, recursos, aplicaciones de IA, ejemplos y primeras secuencias did\u00e1cticas orientadoras para elaborar tus propias planificaciones, tus composiciones de clase.<br><br>Y hablando de recursos digitales, todos hemos intentado alguna vez transcribir un link del papel al teclado. Es una tarea intrincada y que hoy no tiene sentido alguno. Por eso este espacio virtual: aqu\u00ed encontrar\u00e1s los links del libro para clickear o para copiar y pegar, tambi\u00e9n podr\u00e1s recuperar las im\u00e1genes a color, encontrar tutoriales, y nuevos recursos y oportunidades para profundizar, usar o capacitarte. <br><br>Adem\u00e1s, podr\u00e1s seguir en contacto con nosotros, hacernos llegar tus dudas y contar tus propias experiencias que, como siempre, nos dar\u00e1 mucho gusto conocer.<br><br><em>Alejandro y Fernando<\/em><br><em>(Colegas, amigos, compa\u00f1eros de aventuras y coautores del cap\u00edtulo 5 del libro)<\/em><\/p>\n\n\n\n<p><\/p>\n\n\n\n<p><\/p>\n","protected":false},"excerpt":{"rendered":"<p>Construimos este espacio virtual en el que encontrar\u00e1s versiones digitales de los recursos, enlaces a programas de IA y a videos tutoriales que aparecen en el libro, especialmente en los<\/p>\n<p class=\"more-link\"><a href=\"https:\/\/www.alejandrospiegel.com.ar\/ia\/sample-page\/\" class=\"readmore\">Seguir leyendo<svg class=\"icon icon-arrow-right\" aria-hidden=\"true\" role=\"img\"> <use href=\"#icon-arrow-right\" xlink:href=\"#icon-arrow-right\"><\/use> <\/svg><span class=\"screen-reader-text\">ACERCA DEL LIBRO<\/span><\/a><\/p>\n","protected":false},"author":1,"featured_media":0,"parent":0,"menu_order":0,"comment_status":"closed","ping_status":"open","template":"","meta":{"footnotes":""},"_links":{"self":[{"href":"https:\/\/www.alejandrospiegel.com.ar\/ia\/wp-json\/wp\/v2\/pages\/2"}],"collection":[{"href":"https:\/\/www.alejandrospiegel.com.ar\/ia\/wp-json\/wp\/v2\/pages"}],"about":[{"href":"https:\/\/www.alejandrospiegel.com.ar\/ia\/wp-json\/wp\/v2\/types\/page"}],"author":[{"embeddable":true,"href":"https:\/\/www.alejandrospiegel.com.ar\/ia\/wp-json\/wp\/v2\/users\/1"}],"replies":[{"embeddable":true,"href":"https:\/\/www.alejandrospiegel.com.ar\/ia\/wp-json\/wp\/v2\/comments?post=2"}],"version-history":[{"count":11,"href":"https:\/\/www.alejandrospiegel.com.ar\/ia\/wp-json\/wp\/v2\/pages\/2\/revisions"}],"predecessor-version":[{"id":426,"href":"https:\/\/www.alejandrospiegel.com.ar\/ia\/wp-json\/wp\/v2\/pages\/2\/revisions\/426"}],"wp:attachment":[{"href":"https:\/\/www.alejandrospiegel.com.ar\/ia\/wp-json\/wp\/v2\/media?parent=2"}],"curies":[{"name":"wp","href":"https:\/\/api.w.org\/{rel}","templated":true}]}}