{"id":197,"date":"2024-07-04T22:26:54","date_gmt":"2024-07-04T22:26:54","guid":{"rendered":"http:\/\/www.alejandrospiegel.com.ar\/ia\/?page_id=197"},"modified":"2024-07-22T20:45:28","modified_gmt":"2024-07-22T20:45:28","slug":"fisica-desafiada","status":"publish","type":"page","link":"https:\/\/www.alejandrospiegel.com.ar\/ia\/fisica-desafiada\/","title":{"rendered":"F\u00cdSICA DESAFIADA"},"content":{"rendered":"\n<p class=\"has-text-align-center has-white-color has-text-color has-link-color wp-elements-050ad45a26a191e3b76981f8518ab885\"><strong>(F\u00edsica &#8211; Matem\u00e1tica)<\/strong><\/p>\n\n\n<div class=\"wp-block-image\">\n<figure class=\"aligncenter size-full\"><img loading=\"lazy\" decoding=\"async\" width=\"512\" height=\"512\" src=\"http:\/\/www.alejandrospiegel.com.ar\/ia\/wp-content\/uploads\/2024\/07\/cropped-icono-2-web.png\" alt=\"\" class=\"wp-image-143\" srcset=\"https:\/\/www.alejandrospiegel.com.ar\/ia\/wp-content\/uploads\/2024\/07\/cropped-icono-2-web.png 512w, https:\/\/www.alejandrospiegel.com.ar\/ia\/wp-content\/uploads\/2024\/07\/cropped-icono-2-web-300x300.png 300w, https:\/\/www.alejandrospiegel.com.ar\/ia\/wp-content\/uploads\/2024\/07\/cropped-icono-2-web-150x150.png 150w, https:\/\/www.alejandrospiegel.com.ar\/ia\/wp-content\/uploads\/2024\/07\/cropped-icono-2-web-140x140.png 140w, https:\/\/www.alejandrospiegel.com.ar\/ia\/wp-content\/uploads\/2024\/07\/cropped-icono-2-web-50x50.png 50w, https:\/\/www.alejandrospiegel.com.ar\/ia\/wp-content\/uploads\/2024\/07\/cropped-icono-2-web-80x80.png 80w, https:\/\/www.alejandrospiegel.com.ar\/ia\/wp-content\/uploads\/2024\/07\/cropped-icono-2-web-270x270.png 270w, https:\/\/www.alejandrospiegel.com.ar\/ia\/wp-content\/uploads\/2024\/07\/cropped-icono-2-web-192x192.png 192w, https:\/\/www.alejandrospiegel.com.ar\/ia\/wp-content\/uploads\/2024\/07\/cropped-icono-2-web-180x180.png 180w, https:\/\/www.alejandrospiegel.com.ar\/ia\/wp-content\/uploads\/2024\/07\/cropped-icono-2-web-32x32.png 32w\" sizes=\"(max-width: 512px) 100vw, 512px\" \/><\/figure><\/div>\n\n\n<p class=\"has-black-color has-white-background-color has-text-color has-background has-link-color wp-elements-d3d34c1fdf5449a53fc323f73d090c3f\"><strong>EINSTEIN<\/strong><br><a href=\"https:\/\/www.messengerx.io\/albert-einstein?ref=yeswela\" target=\"_blank\" rel=\"noreferrer noopener\">https:\/\/www.messengerx.io\/albert-einstein?ref=yeswela<\/a>b<br><em><strong>Identifica, desarrolla y asiste en c\u00e1lculos f\u00edsicos y matem\u00e1ticos.<\/strong><\/em><\/p>\n\n\n\n<figure class=\"wp-block-image size-large\"><img loading=\"lazy\" decoding=\"async\" width=\"1024\" height=\"304\" src=\"http:\/\/www.alejandrospiegel.com.ar\/ia\/wp-content\/uploads\/2024\/07\/EINSTEIN-1024x304.jpg\" alt=\"\" class=\"wp-image-220\" srcset=\"https:\/\/www.alejandrospiegel.com.ar\/ia\/wp-content\/uploads\/2024\/07\/EINSTEIN-1024x304.jpg 1024w, https:\/\/www.alejandrospiegel.com.ar\/ia\/wp-content\/uploads\/2024\/07\/EINSTEIN-300x89.jpg 300w, https:\/\/www.alejandrospiegel.com.ar\/ia\/wp-content\/uploads\/2024\/07\/EINSTEIN-768x228.jpg 768w, https:\/\/www.alejandrospiegel.com.ar\/ia\/wp-content\/uploads\/2024\/07\/EINSTEIN.jpg 1445w\" sizes=\"(max-width: 1024px) 100vw, 1024px\" \/><\/figure>\n\n\n\n<div class=\"wp-block-group is-nowrap is-layout-flex wp-container-core-group-is-layout-2 wp-block-group-is-layout-flex\">\n<figure class=\"wp-block-image size-full is-resized\"><img loading=\"lazy\" decoding=\"async\" width=\"632\" height=\"363\" src=\"http:\/\/www.alejandrospiegel.com.ar\/ia\/wp-content\/uploads\/2024\/07\/C1-1.jpg\" alt=\"\" class=\"wp-image-211\" style=\"width:654px\" srcset=\"https:\/\/www.alejandrospiegel.com.ar\/ia\/wp-content\/uploads\/2024\/07\/C1-1.jpg 632w, https:\/\/www.alejandrospiegel.com.ar\/ia\/wp-content\/uploads\/2024\/07\/C1-1-300x172.jpg 300w\" sizes=\"(max-width: 632px) 100vw, 632px\" \/><\/figure>\n\n\n\n<figure class=\"wp-block-image size-full is-resized\"><img loading=\"lazy\" decoding=\"async\" width=\"632\" height=\"363\" src=\"http:\/\/www.alejandrospiegel.com.ar\/ia\/wp-content\/uploads\/2024\/07\/C1.jpg\" alt=\"\" class=\"wp-image-198\" style=\"width:0px\" srcset=\"https:\/\/www.alejandrospiegel.com.ar\/ia\/wp-content\/uploads\/2024\/07\/C1.jpg 632w, https:\/\/www.alejandrospiegel.com.ar\/ia\/wp-content\/uploads\/2024\/07\/C1-300x172.jpg 300w\" sizes=\"(max-width: 632px) 100vw, 632px\" \/><\/figure>\n\n\n\n<div class=\"wp-block-group is-nowrap is-layout-flex wp-container-core-group-is-layout-1 wp-block-group-is-layout-flex\">\n<p class=\"has-text-align-left has-gray-color has-text-color has-link-color wp-elements-2baf71af2cdbc02fed1092efc7d5be22 wp-container-content-1\"><strong>El coyote trepa a una monta\u00f1a<\/strong><\/p>\n<\/div>\n<\/div>\n\n\n\n<div class=\"wp-block-group is-nowrap is-layout-flex wp-container-core-group-is-layout-4 wp-block-group-is-layout-flex\">\n<figure class=\"wp-block-image size-full is-resized\"><img loading=\"lazy\" decoding=\"async\" width=\"632\" height=\"363\" src=\"http:\/\/www.alejandrospiegel.com.ar\/ia\/wp-content\/uploads\/2024\/07\/C2.jpg\" alt=\"\" class=\"wp-image-199\" style=\"width:654px\" srcset=\"https:\/\/www.alejandrospiegel.com.ar\/ia\/wp-content\/uploads\/2024\/07\/C2.jpg 632w, https:\/\/www.alejandrospiegel.com.ar\/ia\/wp-content\/uploads\/2024\/07\/C2-300x172.jpg 300w\" sizes=\"(max-width: 632px) 100vw, 632px\" \/><\/figure>\n\n\n\n<div class=\"wp-block-group is-nowrap is-layout-flex wp-container-core-group-is-layout-3 wp-block-group-is-layout-flex\">\n<p class=\"has-gray-color has-text-color has-link-color wp-elements-8ee8cf19b73be273fea138fcd04ee6eb\"><strong>El Correcaminos sorprende<br>y asusta al coyote<\/strong><\/p>\n<\/div>\n<\/div>\n\n\n\n<div class=\"wp-block-group is-nowrap is-layout-flex wp-container-core-group-is-layout-6 wp-block-group-is-layout-flex\">\n<figure class=\"wp-block-image size-full is-resized\"><img loading=\"lazy\" decoding=\"async\" width=\"632\" height=\"363\" src=\"http:\/\/www.alejandrospiegel.com.ar\/ia\/wp-content\/uploads\/2024\/07\/C3.jpg\" alt=\"\" class=\"wp-image-200\" style=\"width:654px\" srcset=\"https:\/\/www.alejandrospiegel.com.ar\/ia\/wp-content\/uploads\/2024\/07\/C3.jpg 632w, https:\/\/www.alejandrospiegel.com.ar\/ia\/wp-content\/uploads\/2024\/07\/C3-300x172.jpg 300w\" sizes=\"(max-width: 632px) 100vw, 632px\" \/><\/figure>\n\n\n\n<div class=\"wp-block-group is-nowrap is-layout-flex wp-container-core-group-is-layout-5 wp-block-group-is-layout-flex\">\n<p class=\"has-gray-color has-text-color has-link-color wp-elements-7075a45e0f008233808cb686fef5dcae\"><strong>El coyote salta al vac\u00edo<\/strong><br><strong> y queda suspendido <\/strong><br><strong>en el aire <\/strong><br><strong>durante 2 segundos<\/strong><\/p>\n<\/div>\n<\/div>\n\n\n\n<div class=\"wp-block-group is-nowrap is-layout-flex wp-container-core-group-is-layout-8 wp-block-group-is-layout-flex\">\n<figure class=\"wp-block-image size-full is-resized\"><img loading=\"lazy\" decoding=\"async\" width=\"632\" height=\"363\" src=\"http:\/\/www.alejandrospiegel.com.ar\/ia\/wp-content\/uploads\/2024\/07\/C4-1.jpg\" alt=\"\" class=\"wp-image-204\" style=\"width:654px\" srcset=\"https:\/\/www.alejandrospiegel.com.ar\/ia\/wp-content\/uploads\/2024\/07\/C4-1.jpg 632w, https:\/\/www.alejandrospiegel.com.ar\/ia\/wp-content\/uploads\/2024\/07\/C4-1-300x172.jpg 300w\" sizes=\"(max-width: 632px) 100vw, 632px\" \/><\/figure>\n\n\n\n<div class=\"wp-block-group is-nowrap is-layout-flex wp-container-core-group-is-layout-7 wp-block-group-is-layout-flex\">\n<p class=\"has-text-align-left has-gray-color has-text-color has-link-color wp-elements-13845947bf50bfeae98a7de2a7ee3d68\"><strong>El coyote cae y demora 5 segundos<br>en llegar a tierra firme.<\/strong><\/p>\n<\/div>\n<\/div>\n\n\n\n<p><\/p>\n\n\n\n<p class=\"has-gray-color has-text-color has-link-color wp-elements-13da900a174d0e1c79a27b8106a74ef3\"><strong>UN CAP\u00cdTULO PARA VER<\/strong><\/p>\n\n\n\n<figure class=\"wp-block-video\"><video controls src=\"http:\/\/www.alejandrospiegel.com.ar\/ia\/wp-content\/uploads\/2024\/07\/El-Correcaminos-y-el-Coyote.-Sus-mejores-momentos.mp4\"><\/video><\/figure>\n\n\n\n<p><\/p>\n\n\n\n<div class=\"wp-block-buttons is-layout-flex wp-block-buttons-is-layout-flex\">\n<div class=\"wp-block-button\"><a class=\"wp-block-button__link wp-element-button\" href=\"https:\/\/www.alejandrospiegel.com.ar\/ia\/tutoriales\/\">TUTORIALES<\/a><\/div>\n<\/div>\n","protected":false},"excerpt":{"rendered":"<p>(F\u00edsica &#8211; Matem\u00e1tica) EINSTEINhttps:\/\/www.messengerx.io\/albert-einstein?ref=yeswelabIdentifica, desarrolla y asiste en c\u00e1lculos f\u00edsicos y matem\u00e1ticos. El coyote trepa a una monta\u00f1a El Correcaminos sorprendey asusta al coyote El coyote salta al vac\u00edo y<\/p>\n<p class=\"more-link\"><a href=\"https:\/\/www.alejandrospiegel.com.ar\/ia\/fisica-desafiada\/\" class=\"readmore\">Seguir leyendo<svg class=\"icon icon-arrow-right\" aria-hidden=\"true\" role=\"img\"> <use href=\"#icon-arrow-right\" xlink:href=\"#icon-arrow-right\"><\/use> <\/svg><span class=\"screen-reader-text\">F\u00cdSICA DESAFIADA<\/span><\/a><\/p>\n","protected":false},"author":1,"featured_media":0,"parent":0,"menu_order":0,"comment_status":"closed","ping_status":"closed","template":"","meta":{"footnotes":""},"_links":{"self":[{"href":"https:\/\/www.alejandrospiegel.com.ar\/ia\/wp-json\/wp\/v2\/pages\/197"}],"collection":[{"href":"https:\/\/www.alejandrospiegel.com.ar\/ia\/wp-json\/wp\/v2\/pages"}],"about":[{"href":"https:\/\/www.alejandrospiegel.com.ar\/ia\/wp-json\/wp\/v2\/types\/page"}],"author":[{"embeddable":true,"href":"https:\/\/www.alejandrospiegel.com.ar\/ia\/wp-json\/wp\/v2\/users\/1"}],"replies":[{"embeddable":true,"href":"https:\/\/www.alejandrospiegel.com.ar\/ia\/wp-json\/wp\/v2\/comments?post=197"}],"version-history":[{"count":17,"href":"https:\/\/www.alejandrospiegel.com.ar\/ia\/wp-json\/wp\/v2\/pages\/197\/revisions"}],"predecessor-version":[{"id":452,"href":"https:\/\/www.alejandrospiegel.com.ar\/ia\/wp-json\/wp\/v2\/pages\/197\/revisions\/452"}],"wp:attachment":[{"href":"https:\/\/www.alejandrospiegel.com.ar\/ia\/wp-json\/wp\/v2\/media?parent=197"}],"curies":[{"name":"wp","href":"https:\/\/api.w.org\/{rel}","templated":true}]}}