{"id":186,"date":"2024-07-04T21:38:43","date_gmt":"2024-07-04T21:38:43","guid":{"rendered":"http:\/\/www.alejandrospiegel.com.ar\/ia\/?page_id=186"},"modified":"2024-07-22T20:43:12","modified_gmt":"2024-07-22T20:43:12","slug":"de-la-pantalla-a-nuestros-comics","status":"publish","type":"page","link":"https:\/\/www.alejandrospiegel.com.ar\/ia\/de-la-pantalla-a-nuestros-comics\/","title":{"rendered":"DE LA PANTALLA A NUESTROS COMICS"},"content":{"rendered":"\n<p class=\"has-text-align-center has-white-color has-text-color has-link-color wp-elements-2af9a5a06694d20f4d30915d6fae38f4\"><strong>(Ciudadan\u00eda &#8211; Derechos &#8211; Lengua &#8211; Arte\/Pl\u00e1stica)<\/strong><\/p>\n\n\n<div class=\"wp-block-image\">\n<figure class=\"aligncenter size-full\"><img loading=\"lazy\" decoding=\"async\" width=\"512\" height=\"512\" src=\"http:\/\/www.alejandrospiegel.com.ar\/ia\/wp-content\/uploads\/2024\/07\/cropped-icono-2-web.png\" alt=\"\" class=\"wp-image-143\" srcset=\"https:\/\/www.alejandrospiegel.com.ar\/ia\/wp-content\/uploads\/2024\/07\/cropped-icono-2-web.png 512w, https:\/\/www.alejandrospiegel.com.ar\/ia\/wp-content\/uploads\/2024\/07\/cropped-icono-2-web-300x300.png 300w, https:\/\/www.alejandrospiegel.com.ar\/ia\/wp-content\/uploads\/2024\/07\/cropped-icono-2-web-150x150.png 150w, https:\/\/www.alejandrospiegel.com.ar\/ia\/wp-content\/uploads\/2024\/07\/cropped-icono-2-web-140x140.png 140w, https:\/\/www.alejandrospiegel.com.ar\/ia\/wp-content\/uploads\/2024\/07\/cropped-icono-2-web-50x50.png 50w, https:\/\/www.alejandrospiegel.com.ar\/ia\/wp-content\/uploads\/2024\/07\/cropped-icono-2-web-80x80.png 80w, https:\/\/www.alejandrospiegel.com.ar\/ia\/wp-content\/uploads\/2024\/07\/cropped-icono-2-web-270x270.png 270w, https:\/\/www.alejandrospiegel.com.ar\/ia\/wp-content\/uploads\/2024\/07\/cropped-icono-2-web-192x192.png 192w, https:\/\/www.alejandrospiegel.com.ar\/ia\/wp-content\/uploads\/2024\/07\/cropped-icono-2-web-180x180.png 180w, https:\/\/www.alejandrospiegel.com.ar\/ia\/wp-content\/uploads\/2024\/07\/cropped-icono-2-web-32x32.png 32w\" sizes=\"(max-width: 512px) 100vw, 512px\" \/><\/figure><\/div>\n\n\n<p class=\"has-black-color has-white-background-color has-text-color has-background has-link-color wp-elements-06163f376961feee80f3e1832e1575b8\"><strong>CRAIYON<\/strong><br><a href=\"https:\/\/www.craiyon.com\/\" target=\"_blank\" rel=\"noreferrer noopener\">https:\/\/www.craiyon.com\/<\/a><br><strong><em>Permite la edici\u00f3n y generaci\u00f3n de im\u00e1genes.<br>En esta ocasi\u00f3n, la utilizaremos para crear entornos; eliminar fondos de fotos y transformarlas en dibujos.<\/em><\/strong><\/p>\n\n\n\n<p class=\"has-gray-color has-text-color has-link-color wp-elements-2305cb228055c25937e612908005b6ea\"><\/p>\n\n\n\n<figure class=\"wp-block-image size-large\"><img loading=\"lazy\" decoding=\"async\" width=\"1024\" height=\"441\" src=\"http:\/\/www.alejandrospiegel.com.ar\/ia\/wp-content\/uploads\/2024\/07\/craiyon-1-1-1024x441.png\" alt=\"\" class=\"wp-image-191\" srcset=\"https:\/\/www.alejandrospiegel.com.ar\/ia\/wp-content\/uploads\/2024\/07\/craiyon-1-1-1024x441.png 1024w, https:\/\/www.alejandrospiegel.com.ar\/ia\/wp-content\/uploads\/2024\/07\/craiyon-1-1-300x129.png 300w, https:\/\/www.alejandrospiegel.com.ar\/ia\/wp-content\/uploads\/2024\/07\/craiyon-1-1-768x331.png 768w, https:\/\/www.alejandrospiegel.com.ar\/ia\/wp-content\/uploads\/2024\/07\/craiyon-1-1.png 1239w\" sizes=\"(max-width: 1024px) 100vw, 1024px\" \/><\/figure>\n\n\n\n<p><\/p>\n\n\n\n<p class=\"has-black-color has-white-background-color has-text-color has-background has-link-color wp-elements-46c115146cea67fc1c5011e234b19b58\"><strong>ZEEMO<br><a href=\"https:\/\/www.zeemo.ai\" target=\"_blank\" rel=\"noreferrer noopener\">https:\/\/www.zeemo.ai<\/a><br><em>Permite convertir en texto escrito los di\u00e1logos que aparecen en un producto audiovisual.<\/em><\/strong><\/p>\n\n\n\n<figure class=\"wp-block-image size-large\"><img loading=\"lazy\" decoding=\"async\" width=\"1024\" height=\"400\" src=\"http:\/\/www.alejandrospiegel.com.ar\/ia\/wp-content\/uploads\/2024\/07\/zeemo-1-1024x400.png\" alt=\"\" class=\"wp-image-192\" srcset=\"https:\/\/www.alejandrospiegel.com.ar\/ia\/wp-content\/uploads\/2024\/07\/zeemo-1-1024x400.png 1024w, https:\/\/www.alejandrospiegel.com.ar\/ia\/wp-content\/uploads\/2024\/07\/zeemo-1-300x117.png 300w, https:\/\/www.alejandrospiegel.com.ar\/ia\/wp-content\/uploads\/2024\/07\/zeemo-1-768x300.png 768w, https:\/\/www.alejandrospiegel.com.ar\/ia\/wp-content\/uploads\/2024\/07\/zeemo-1.png 1235w\" sizes=\"(max-width: 1024px) 100vw, 1024px\" \/><\/figure>\n\n\n\n<p><\/p>\n\n\n\n<p class=\"has-gray-color has-text-color has-link-color wp-elements-d59054a0385058e7e38efffe8c69685d\"><strong>RESULTADO FINAL<\/strong><\/p>\n\n\n\n<p><\/p>\n\n\n\n<p><\/p>\n\n\n\n<p><\/p>\n\n\n\n<p><\/p>\n\n\n\n<div class=\"wp-block-buttons is-layout-flex wp-block-buttons-is-layout-flex\">\n<div class=\"wp-block-button\"><a class=\"wp-block-button__link wp-element-button\" href=\"https:\/\/www.alejandrospiegel.com.ar\/ia\/tutoriales\/\">TUTORIALES<\/a><\/div>\n<\/div>\n\n\n\n<p class=\"has-black-color has-white-background-color has-text-color has-background has-link-color wp-elements-a1af6d9b81e6a3cd976c95f1250d67e7\"><strong>OTRAS APLICACIONES PARA REALIZAR ESTAS TAREAS<\/strong><br><br><strong>IDEOGRAM<\/strong><br><a href=\"https:\/\/ideogram.ai\" target=\"_blank\" rel=\"noreferrer noopener\">https:\/\/ideogram.ai<\/a><br><br><strong>STABLE DIFFUSION<\/strong><br><a href=\"https:\/\/stablediffusionweb.com\" target=\"_blank\" rel=\"noreferrer noopener\">https:\/\/stablediffusionweb.com<\/a><br><br><strong>RUNWAYML<\/strong><br><a href=\"https:\/\/app.runwayml.com\" target=\"_blank\" rel=\"noreferrer noopener\">https:\/\/app.runwayml.com<\/a><br><br><strong>MIDJOURNEY<\/strong><br><a href=\"https:\/\/midjourney.co\/es\" target=\"_blank\" rel=\"noreferrer noopener\">https:\/\/midjourney.co\/es<\/a><br><br><strong>NOTTA<\/strong><br><a href=\"https:\/\/www.notta.ai\/es\" target=\"_blank\" rel=\"noreferrer noopener\">https:\/\/www.notta.ai\/es<\/a><\/p>\n","protected":false},"excerpt":{"rendered":"<p>(Ciudadan\u00eda &#8211; Derechos &#8211; Lengua &#8211; Arte\/Pl\u00e1stica) CRAIYONhttps:\/\/www.craiyon.com\/Permite la edici\u00f3n y generaci\u00f3n de im\u00e1genes.En esta ocasi\u00f3n, la utilizaremos para crear entornos; eliminar fondos de fotos y transformarlas en dibujos. ZEEMOhttps:\/\/www.zeemo.aiPermite<\/p>\n<p class=\"more-link\"><a href=\"https:\/\/www.alejandrospiegel.com.ar\/ia\/de-la-pantalla-a-nuestros-comics\/\" class=\"readmore\">Seguir leyendo<svg class=\"icon icon-arrow-right\" aria-hidden=\"true\" role=\"img\"> <use href=\"#icon-arrow-right\" xlink:href=\"#icon-arrow-right\"><\/use> <\/svg><span class=\"screen-reader-text\">DE LA PANTALLA A NUESTROS COMICS<\/span><\/a><\/p>\n","protected":false},"author":1,"featured_media":0,"parent":0,"menu_order":0,"comment_status":"closed","ping_status":"closed","template":"","meta":{"footnotes":""},"_links":{"self":[{"href":"https:\/\/www.alejandrospiegel.com.ar\/ia\/wp-json\/wp\/v2\/pages\/186"}],"collection":[{"href":"https:\/\/www.alejandrospiegel.com.ar\/ia\/wp-json\/wp\/v2\/pages"}],"about":[{"href":"https:\/\/www.alejandrospiegel.com.ar\/ia\/wp-json\/wp\/v2\/types\/page"}],"author":[{"embeddable":true,"href":"https:\/\/www.alejandrospiegel.com.ar\/ia\/wp-json\/wp\/v2\/users\/1"}],"replies":[{"embeddable":true,"href":"https:\/\/www.alejandrospiegel.com.ar\/ia\/wp-json\/wp\/v2\/comments?post=186"}],"version-history":[{"count":8,"href":"https:\/\/www.alejandrospiegel.com.ar\/ia\/wp-json\/wp\/v2\/pages\/186\/revisions"}],"predecessor-version":[{"id":451,"href":"https:\/\/www.alejandrospiegel.com.ar\/ia\/wp-json\/wp\/v2\/pages\/186\/revisions\/451"}],"wp:attachment":[{"href":"https:\/\/www.alejandrospiegel.com.ar\/ia\/wp-json\/wp\/v2\/media?parent=186"}],"curies":[{"name":"wp","href":"https:\/\/api.w.org\/{rel}","templated":true}]}}