{"id":171,"date":"2024-07-04T21:10:39","date_gmt":"2024-07-04T21:10:39","guid":{"rendered":"http:\/\/www.alejandrospiegel.com.ar\/ia\/?page_id=171"},"modified":"2024-07-22T20:42:26","modified_gmt":"2024-07-22T20:42:26","slug":"por-amor-al-arte","status":"publish","type":"page","link":"https:\/\/www.alejandrospiegel.com.ar\/ia\/por-amor-al-arte\/","title":{"rendered":"POR AMOR AL ARTE"},"content":{"rendered":"\n<p class=\"has-text-align-center has-white-color has-text-color has-link-color wp-elements-e687172dfb627596d868cf699d2cca43\"><strong>(Arte \/ Pl\u00e1stica)<\/strong><\/p>\n\n\n<div class=\"wp-block-image\">\n<figure class=\"aligncenter size-full\"><img loading=\"lazy\" decoding=\"async\" width=\"512\" height=\"512\" src=\"http:\/\/www.alejandrospiegel.com.ar\/ia\/wp-content\/uploads\/2024\/07\/cropped-icono-2-web.png\" alt=\"\" class=\"wp-image-143\" srcset=\"https:\/\/www.alejandrospiegel.com.ar\/ia\/wp-content\/uploads\/2024\/07\/cropped-icono-2-web.png 512w, https:\/\/www.alejandrospiegel.com.ar\/ia\/wp-content\/uploads\/2024\/07\/cropped-icono-2-web-300x300.png 300w, https:\/\/www.alejandrospiegel.com.ar\/ia\/wp-content\/uploads\/2024\/07\/cropped-icono-2-web-150x150.png 150w, https:\/\/www.alejandrospiegel.com.ar\/ia\/wp-content\/uploads\/2024\/07\/cropped-icono-2-web-140x140.png 140w, https:\/\/www.alejandrospiegel.com.ar\/ia\/wp-content\/uploads\/2024\/07\/cropped-icono-2-web-50x50.png 50w, https:\/\/www.alejandrospiegel.com.ar\/ia\/wp-content\/uploads\/2024\/07\/cropped-icono-2-web-80x80.png 80w, https:\/\/www.alejandrospiegel.com.ar\/ia\/wp-content\/uploads\/2024\/07\/cropped-icono-2-web-270x270.png 270w, https:\/\/www.alejandrospiegel.com.ar\/ia\/wp-content\/uploads\/2024\/07\/cropped-icono-2-web-192x192.png 192w, https:\/\/www.alejandrospiegel.com.ar\/ia\/wp-content\/uploads\/2024\/07\/cropped-icono-2-web-180x180.png 180w, https:\/\/www.alejandrospiegel.com.ar\/ia\/wp-content\/uploads\/2024\/07\/cropped-icono-2-web-32x32.png 32w\" sizes=\"(max-width: 512px) 100vw, 512px\" \/><\/figure><\/div>\n\n\n<p class=\"has-black-color has-white-background-color has-text-color has-background has-link-color has-normal-font-size wp-elements-c8cb51a82b8184df2dfe482e53090950\"><strong>BEFUNKY<br><a href=\"https:\/\/www.befunky.com\" target=\"_blank\" rel=\"noreferrer noopener\">https:\/\/www.befunky.com<\/a><br><em>Permite la edici\u00f3n de im\u00e1genes. En esta ocasi\u00f3n,<br>la utilizaremos para transformar una foto<br>en obra digital de arte pl\u00e1stico.<\/em><\/strong><\/p>\n\n\n\n<figure class=\"wp-block-image size-large\"><img loading=\"lazy\" decoding=\"async\" width=\"1024\" height=\"485\" src=\"http:\/\/www.alejandrospiegel.com.ar\/ia\/wp-content\/uploads\/2024\/07\/befunky-1024x485.png\" alt=\"\" class=\"wp-image-174\" srcset=\"https:\/\/www.alejandrospiegel.com.ar\/ia\/wp-content\/uploads\/2024\/07\/befunky-1024x485.png 1024w, https:\/\/www.alejandrospiegel.com.ar\/ia\/wp-content\/uploads\/2024\/07\/befunky-300x142.png 300w, https:\/\/www.alejandrospiegel.com.ar\/ia\/wp-content\/uploads\/2024\/07\/befunky-768x364.png 768w, https:\/\/www.alejandrospiegel.com.ar\/ia\/wp-content\/uploads\/2024\/07\/befunky.png 1236w\" sizes=\"(max-width: 1024px) 100vw, 1024px\" \/><\/figure>\n\n\n\n<p><\/p>\n\n\n\n<p class=\"has-gray-color has-text-color has-link-color wp-elements-d59054a0385058e7e38efffe8c69685d\"><strong>RESULTADO FINAL<\/strong><\/p>\n\n\n\n<figure class=\"wp-block-image size-large\"><img loading=\"lazy\" decoding=\"async\" width=\"1024\" height=\"962\" src=\"http:\/\/www.alejandrospiegel.com.ar\/ia\/wp-content\/uploads\/2024\/07\/impresionismo-1024x962.jpg\" alt=\"\" class=\"wp-image-175\" srcset=\"https:\/\/www.alejandrospiegel.com.ar\/ia\/wp-content\/uploads\/2024\/07\/impresionismo-1024x962.jpg 1024w, https:\/\/www.alejandrospiegel.com.ar\/ia\/wp-content\/uploads\/2024\/07\/impresionismo-300x282.jpg 300w, https:\/\/www.alejandrospiegel.com.ar\/ia\/wp-content\/uploads\/2024\/07\/impresionismo-768x722.jpg 768w, https:\/\/www.alejandrospiegel.com.ar\/ia\/wp-content\/uploads\/2024\/07\/impresionismo.jpg 1537w\" sizes=\"(max-width: 1024px) 100vw, 1024px\" \/><\/figure>\n\n\n\n<p><\/p>\n\n\n\n<div class=\"wp-block-buttons is-layout-flex wp-block-buttons-is-layout-flex\">\n<div class=\"wp-block-button\"><a class=\"wp-block-button__link wp-element-button\" href=\"https:\/\/www.alejandrospiegel.com.ar\/ia\/tutoriales\/\">TUTORIALES<\/a><\/div>\n<\/div>\n\n\n\n<p class=\"has-black-color has-white-background-color has-text-color has-background has-link-color wp-elements-c91cda838345076fb128e089c44d6c5c\"><strong>OTRAS APLICACIONES PARA REALIZAR ESTAS TAREAS<\/strong><br><br><strong>RUNWAYML<\/strong><br><a href=\"https:\/\/app.runwayml.com\" target=\"_blank\" rel=\"noreferrer noopener\">https:\/\/app.runwayml.com<\/a><br><br><strong>STABLEDIFFUSION<\/strong><br><a href=\"https:\/\/stablediffusionweb.com\" target=\"_blank\" rel=\"noreferrer noopener\">https:\/\/stablediffusionweb.com<\/a><\/p>\n","protected":false},"excerpt":{"rendered":"<p>(Arte \/ Pl\u00e1stica) BEFUNKYhttps:\/\/www.befunky.comPermite la edici\u00f3n de im\u00e1genes. En esta ocasi\u00f3n,la utilizaremos para transformar una fotoen obra digital de arte pl\u00e1stico. RESULTADO FINAL OTRAS APLICACIONES PARA REALIZAR ESTAS TAREAS RUNWAYMLhttps:\/\/app.runwayml.com<\/p>\n<p class=\"more-link\"><a href=\"https:\/\/www.alejandrospiegel.com.ar\/ia\/por-amor-al-arte\/\" class=\"readmore\">Seguir leyendo<svg class=\"icon icon-arrow-right\" aria-hidden=\"true\" role=\"img\"> <use href=\"#icon-arrow-right\" xlink:href=\"#icon-arrow-right\"><\/use> <\/svg><span class=\"screen-reader-text\">POR AMOR AL ARTE<\/span><\/a><\/p>\n","protected":false},"author":1,"featured_media":0,"parent":0,"menu_order":0,"comment_status":"closed","ping_status":"closed","template":"","meta":{"footnotes":""},"_links":{"self":[{"href":"https:\/\/www.alejandrospiegel.com.ar\/ia\/wp-json\/wp\/v2\/pages\/171"}],"collection":[{"href":"https:\/\/www.alejandrospiegel.com.ar\/ia\/wp-json\/wp\/v2\/pages"}],"about":[{"href":"https:\/\/www.alejandrospiegel.com.ar\/ia\/wp-json\/wp\/v2\/types\/page"}],"author":[{"embeddable":true,"href":"https:\/\/www.alejandrospiegel.com.ar\/ia\/wp-json\/wp\/v2\/users\/1"}],"replies":[{"embeddable":true,"href":"https:\/\/www.alejandrospiegel.com.ar\/ia\/wp-json\/wp\/v2\/comments?post=171"}],"version-history":[{"count":6,"href":"https:\/\/www.alejandrospiegel.com.ar\/ia\/wp-json\/wp\/v2\/pages\/171\/revisions"}],"predecessor-version":[{"id":450,"href":"https:\/\/www.alejandrospiegel.com.ar\/ia\/wp-json\/wp\/v2\/pages\/171\/revisions\/450"}],"wp:attachment":[{"href":"https:\/\/www.alejandrospiegel.com.ar\/ia\/wp-json\/wp\/v2\/media?parent=171"}],"curies":[{"name":"wp","href":"https:\/\/api.w.org\/{rel}","templated":true}]}}